{"id":8,"date":"2016-11-23T00:34:53","date_gmt":"2016-11-23T00:34:53","guid":{"rendered":"https:\/\/oceanwp.org\/stylish\/?page_id=8"},"modified":"2020-04-25T16:05:41","modified_gmt":"2020-04-25T09:05:41","slug":"home","status":"publish","type":"page","link":"https:\/\/faceshield.primax.cloud\/en\/","title":{"rendered":"Home"},"content":{"rendered":"<div data-elementor-type=\"wp-page\" data-elementor-id=\"8\" class=\"elementor elementor-8\">\n\t\t\t\t\t\t\t\t\t<section class=\"elementor-section elementor-top-section elementor-element elementor-element-6tvy454 elementor-section-height-min-height elementor-section-boxed elementor-section-height-default elementor-section-items-middle\" data-id=\"6tvy454\" data-element_type=\"section\" data-settings=\"{&quot;background_background&quot;:&quot;classic&quot;}\">\n\t\t\t\t\t\t\t<div class=\"elementor-background-overlay\"><\/div>\n\t\t\t\t\t\t\t<div class=\"elementor-container elementor-column-gap-default\">\n\t\t\t\t\t<div class=\"elementor-column elementor-col-100 elementor-top-column elementor-element elementor-element-sk8ylc5\" data-id=\"sk8ylc5\" data-element_type=\"column\">\n\t\t\t<div class=\"elementor-widget-wrap elementor-element-populated\">\n\t\t\t\t\t\t\t\t<div class=\"elementor-element elementor-element-8mmzn2w elementor-widget elementor-widget-heading\" data-id=\"8mmzn2w\" data-element_type=\"widget\" data-widget_type=\"heading.default\">\n\t\t\t\t<div class=\"elementor-widget-container\">\n\t\t\t<h2 class=\"elementor-heading-title elementor-size-default\"><span style=\"font-family: &quot;Josefin Sans&quot;, sans-serif; font-size: 70px; font-style: normal; font-variant-ligatures: normal; font-variant-caps: normal; font-weight: 600;\">M\u1eb7t n\u1ea1 che m\u1eb7t<\/span><br>(FaceShield for Anti Covid19)<\/h2>\t\t<\/div>\n\t\t\t\t<\/div>\n\t\t\t\t<div class=\"elementor-element elementor-element-kulr3ye elementor-widget elementor-widget-text-editor\" data-id=\"kulr3ye\" data-element_type=\"widget\" data-widget_type=\"text-editor.default\">\n\t\t\t\t<div class=\"elementor-widget-container\">\n\t\t\t\t\t\t\t<p><span style=\"font-weight: 400;\">C\u00f9ng v\u1edbi vi\u1ec7c \u0111eo kh\u1ea9u trang, s\u1eed d\u1ee5ng dung d\u1ecbch s\u00e1t khu\u1ea9n, vi\u1ec7c s\u1eed d\u1ee5ng m\u1eb7t n\u1ea1 che m\u1eb7t (FaceShield) \u0111\u01b0\u1ee3c xem l\u00e0 bi\u1ec7n ph\u00e1p \u0111\u01a1n gi\u1ea3n, ti\u1ebft ki\u1ec7m nh\u01b0ng c\u00f3 th\u1ec3 ng\u0103n gi\u1ecdt b\u1eafn t\u1eeb ng\u01b0\u1eddi n\u00e0y sang ng\u01b0\u1eddi kh\u00e1c. Qua \u0111\u00f3, h\u1ea1n ch\u1ebf \u0111\u01b0\u1ee3c c\u00e1c nguy c\u01a1 l\u00e2y nhi\u1ec5m v\u1ec1 d\u1ecbch b\u1ec7nh Covid-19<\/span><\/p>\t\t\t\t\t\t<\/div>\n\t\t\t\t<\/div>\n\t\t\t\t<div class=\"elementor-element elementor-element-vw83nta elementor-widget-divider--view-line elementor-widget elementor-widget-divider\" data-id=\"vw83nta\" data-element_type=\"widget\" data-widget_type=\"divider.default\">\n\t\t\t\t<div class=\"elementor-widget-container\">\n\t\t\t\t\t<div class=\"elementor-divider\">\n\t\t\t<span class=\"elementor-divider-separator\">\n\t\t\t\t\t\t<\/span>\n\t\t<\/div>\n\t\t\t\t<\/div>\n\t\t\t\t<\/div>\n\t\t\t\t<div class=\"elementor-element elementor-element-3cxzxx1 elementor-align-center elementor-widget elementor-widget-button\" data-id=\"3cxzxx1\" data-element_type=\"widget\" data-widget_type=\"button.default\">\n\t\t\t\t<div class=\"elementor-widget-container\">\n\t\t\t\t\t<div class=\"elementor-button-wrapper\">\n\t\t\t<a class=\"elementor-button elementor-button-link elementor-size-sm\" href=\"#\">\n\t\t\t\t\t\t<span class=\"elementor-button-content-wrapper\">\n\t\t\t\t\t\t<span class=\"elementor-button-text\">Just wear like a boss \ud83d\ude00<\/span>\n\t\t<\/span>\n\t\t\t\t\t<\/a>\n\t\t<\/div>\n\t\t\t\t<\/div>\n\t\t\t\t<\/div>\n\t\t\t\t\t<\/div>\n\t\t<\/div>\n\t\t\t\t\t\t\t<\/div>\n\t\t<\/section>\n\t\t\t\t<section class=\"elementor-section elementor-top-section elementor-element elementor-element-plhq52n elementor-section-boxed elementor-section-height-default elementor-section-height-default\" data-id=\"plhq52n\" data-element_type=\"section\">\n\t\t\t\t\t\t<div class=\"elementor-container elementor-column-gap-default\">\n\t\t\t\t\t<div class=\"elementor-column elementor-col-100 elementor-top-column elementor-element elementor-element-1xz8pfq\" data-id=\"1xz8pfq\" data-element_type=\"column\">\n\t\t\t<div class=\"elementor-widget-wrap elementor-element-populated\">\n\t\t\t\t\t\t\t\t<div class=\"elementor-element elementor-element-78o06sh elementor-widget elementor-widget-heading\" data-id=\"78o06sh\" data-element_type=\"widget\" data-widget_type=\"heading.default\">\n\t\t\t\t<div class=\"elementor-widget-container\">\n\t\t\t<h2 class=\"elementor-heading-title elementor-size-default\">Product Features<\/h2>\t\t<\/div>\n\t\t\t\t<\/div>\n\t\t\t\t<div class=\"elementor-element elementor-element-5f16277 elementor-widget elementor-widget-text-editor\" data-id=\"5f16277\" data-element_type=\"widget\" data-widget_type=\"text-editor.default\">\n\t\t\t\t<div class=\"elementor-widget-container\">\n\t\t\t\t\t\t\t<p><b><i>Be the smart consumer when choosing to buy the Face shield products<\/i><\/b><\/p>\t\t\t\t\t\t<\/div>\n\t\t\t\t<\/div>\n\t\t\t\t<section class=\"elementor-section elementor-inner-section elementor-element elementor-element-8a868d2 elementor-section-boxed elementor-section-height-default elementor-section-height-default\" data-id=\"8a868d2\" data-element_type=\"section\">\n\t\t\t\t\t\t<div class=\"elementor-container elementor-column-gap-default\">\n\t\t\t\t\t<div class=\"elementor-column elementor-col-33 elementor-inner-column elementor-element elementor-element-5fbfdcb\" data-id=\"5fbfdcb\" data-element_type=\"column\">\n\t\t\t<div class=\"elementor-widget-wrap elementor-element-populated\">\n\t\t\t\t\t\t\t\t<div class=\"elementor-element elementor-element-6573d3f elementor-view-default elementor-position-top elementor-mobile-position-top elementor-widget elementor-widget-icon-box\" data-id=\"6573d3f\" data-element_type=\"widget\" data-widget_type=\"icon-box.default\">\n\t\t\t\t<div class=\"elementor-widget-container\">\n\t\t\t\t\t<div class=\"elementor-icon-box-wrapper\">\n\t\t\t\t\t\t<div class=\"elementor-icon-box-icon\">\n\t\t\t\t<span  class=\"elementor-icon elementor-animation-\">\n\t\t\t\t<i aria-hidden=\"true\" class=\"fas fa-drafting-compass\"><\/i>\t\t\t\t<\/span>\n\t\t\t<\/div>\n\t\t\t\t\t\t<div class=\"elementor-icon-box-content\">\n\t\t\t\t<h3 class=\"elementor-icon-box-title\">\n\t\t\t\t\t<span  >\n\t\t\t\t\t\tFashionable\t\t\t\t\t<\/span>\n\t\t\t\t<\/h3>\n\t\t\t\t\t\t\t\t\t<p class=\"elementor-icon-box-description\">\n\t\t\t\t\t\tStylish design, super light, super durable reusable. Transparent PET film, size 210cm x 300cm\t\t\t\t\t<\/p>\n\t\t\t\t\t\t\t<\/div>\n\t\t<\/div>\n\t\t\t\t<\/div>\n\t\t\t\t<\/div>\n\t\t\t\t\t<\/div>\n\t\t<\/div>\n\t\t\t\t<div class=\"elementor-column elementor-col-33 elementor-inner-column elementor-element elementor-element-17789d8\" data-id=\"17789d8\" data-element_type=\"column\">\n\t\t\t<div class=\"elementor-widget-wrap elementor-element-populated\">\n\t\t\t\t\t\t\t\t<div class=\"elementor-element elementor-element-4a030f6 elementor-view-default elementor-position-top elementor-mobile-position-top elementor-widget elementor-widget-icon-box\" data-id=\"4a030f6\" data-element_type=\"widget\" data-widget_type=\"icon-box.default\">\n\t\t\t\t<div class=\"elementor-widget-container\">\n\t\t\t\t\t<div class=\"elementor-icon-box-wrapper\">\n\t\t\t\t\t\t<div class=\"elementor-icon-box-icon\">\n\t\t\t\t<span  class=\"elementor-icon elementor-animation-\">\n\t\t\t\t<i aria-hidden=\"true\" class=\"fas fa-check-circle\"><\/i>\t\t\t\t<\/span>\n\t\t\t<\/div>\n\t\t\t\t\t\t<div class=\"elementor-icon-box-content\">\n\t\t\t\t<h3 class=\"elementor-icon-box-title\">\n\t\t\t\t\t<span  >\n\t\t\t\t\t\tSafety\t\t\t\t\t<\/span>\n\t\t\t\t<\/h3>\n\t\t\t\t\t\t\t\t\t<p class=\"elementor-icon-box-description\">\n\t\t\t\t\t\tFirst-class foams help minimize drops that penetrate the eye. Carefully packed packaging helps to reduce dirt and damage during transportation. <br \/><br\/>\nThe faceshield is manufactured in <b> Viet Nam <\/b>\t\t\t\t\t<\/p>\n\t\t\t\t\t\t\t<\/div>\n\t\t<\/div>\n\t\t\t\t<\/div>\n\t\t\t\t<\/div>\n\t\t\t\t\t<\/div>\n\t\t<\/div>\n\t\t\t\t<div class=\"elementor-column elementor-col-33 elementor-inner-column elementor-element elementor-element-53f5802\" data-id=\"53f5802\" data-element_type=\"column\">\n\t\t\t<div class=\"elementor-widget-wrap elementor-element-populated\">\n\t\t\t\t\t\t\t\t<div class=\"elementor-element elementor-element-1c42843 elementor-view-default elementor-position-top elementor-mobile-position-top elementor-widget elementor-widget-icon-box\" data-id=\"1c42843\" data-element_type=\"widget\" data-widget_type=\"icon-box.default\">\n\t\t\t\t<div class=\"elementor-widget-container\">\n\t\t\t\t\t<div class=\"elementor-icon-box-wrapper\">\n\t\t\t\t\t\t<div class=\"elementor-icon-box-icon\">\n\t\t\t\t<span  class=\"elementor-icon elementor-animation-\">\n\t\t\t\t<i aria-hidden=\"true\" class=\"fas fa-smile\"><\/i>\t\t\t\t<\/span>\n\t\t\t<\/div>\n\t\t\t\t\t\t<div class=\"elementor-icon-box-content\">\n\t\t\t\t<h3 class=\"elementor-icon-box-title\">\n\t\t\t\t\t<span  >\n\t\t\t\t\t\tComfortable\t\t\t\t\t<\/span>\n\t\t\t\t<\/h3>\n\t\t\t\t\t\t\t\t\t<p class=\"elementor-icon-box-description\">\n\t\t\t\t\t\tDo not use plastic cords that may get on your scalp for long periods of time. Elastic 3D elastic can use all kinds of head sizes\t\t\t\t\t<\/p>\n\t\t\t\t\t\t\t<\/div>\n\t\t<\/div>\n\t\t\t\t<\/div>\n\t\t\t\t<\/div>\n\t\t\t\t\t<\/div>\n\t\t<\/div>\n\t\t\t\t\t\t\t<\/div>\n\t\t<\/section>\n\t\t\t\t\t<\/div>\n\t\t<\/div>\n\t\t\t\t\t\t\t<\/div>\n\t\t<\/section>\n\t\t\t\t<section class=\"elementor-section elementor-top-section elementor-element elementor-element-a25b448 elementor-section-boxed elementor-section-height-default elementor-section-height-default\" data-id=\"a25b448\" data-element_type=\"section\">\n\t\t\t\t\t\t<div class=\"elementor-container elementor-column-gap-default\">\n\t\t\t\t\t<div class=\"elementor-column elementor-col-100 elementor-top-column elementor-element elementor-element-a5b4ebc\" data-id=\"a5b4ebc\" data-element_type=\"column\">\n\t\t\t<div class=\"elementor-widget-wrap elementor-element-populated\">\n\t\t\t\t\t\t\t\t<div class=\"elementor-element elementor-element-8b54cf1 elementor-widget elementor-widget-heading\" data-id=\"8b54cf1\" data-element_type=\"widget\" data-widget_type=\"heading.default\">\n\t\t\t\t<div class=\"elementor-widget-container\">\n\t\t\t<h2 class=\"elementor-heading-title elementor-size-default\">Photo in reality<\/h2>\t\t<\/div>\n\t\t\t\t<\/div>\n\t\t\t\t<div class=\"elementor-element elementor-element-aa11830 elementor-widget-divider--view-line elementor-widget elementor-widget-divider\" data-id=\"aa11830\" data-element_type=\"widget\" data-widget_type=\"divider.default\">\n\t\t\t\t<div class=\"elementor-widget-container\">\n\t\t\t\t\t<div class=\"elementor-divider\">\n\t\t\t<span class=\"elementor-divider-separator\">\n\t\t\t\t\t\t<\/span>\n\t\t<\/div>\n\t\t\t\t<\/div>\n\t\t\t\t<\/div>\n\t\t\t\t<div class=\"elementor-element elementor-element-c859d9d gallery-spacing-custom elementor-widget elementor-widget-image-gallery\" data-id=\"c859d9d\" data-element_type=\"widget\" data-widget_type=\"image-gallery.default\">\n\t\t\t\t<div class=\"elementor-widget-container\">\n\t\t\t\t\t<div class=\"elementor-image-gallery\">\n\t\t\t<div id='gallery-1' class='gallery galleryid-8 gallery-columns-3 gallery-size-ocean_insta_square'><figure class='gallery-item'>\n\t\t\t<div class='gallery-icon landscape'>\n\t\t\t\t<a data-elementor-open-lightbox=\"yes\" data-elementor-lightbox-slideshow=\"c859d9d\" data-elementor-lightbox-title=\"image8\" data-e-action-hash=\"#elementor-action%3Aaction%3Dlightbox%26settings%3DeyJpZCI6MjM0LCJ1cmwiOiJodHRwczpcL1wvZmFjZXNoaWVsZC5wcmltYXguY2xvdWRcL3dwLWNvbnRlbnRcL3VwbG9hZHNcLzIwMjBcLzA0XC9pbWFnZTguanBnIiwic2xpZGVzaG93IjoiYzg1OWQ5ZCJ9\" href='https:\/\/faceshield.primax.cloud\/wp-content\/uploads\/2020\/04\/image8.jpg'><img fetchpriority=\"high\" decoding=\"async\" width=\"429\" height=\"429\" src=\"https:\/\/faceshield.primax.cloud\/wp-content\/uploads\/2020\/04\/image8.jpg\" class=\"attachment-ocean_insta_square size-ocean_insta_square\" alt=\"\" aria-describedby=\"gallery-1-234\" srcset=\"https:\/\/faceshield.primax.cloud\/wp-content\/uploads\/2020\/04\/image8.jpg 429w, https:\/\/faceshield.primax.cloud\/wp-content\/uploads\/2020\/04\/image8-300x300.jpg 300w, https:\/\/faceshield.primax.cloud\/wp-content\/uploads\/2020\/04\/image8-150x150.jpg 150w\" sizes=\"(max-width: 429px) 100vw, 429px\" \/><\/a>\n\t\t\t<\/div>\n\t\t\t\t<figcaption class='wp-caption-text gallery-caption' id='gallery-1-234'>\n\t\t\t\tM\u1eb7t n\u1ea1 che m\u0103t &#8211; FaceShield\n\t\t\t\t<\/figcaption><\/figure><figure class='gallery-item'>\n\t\t\t<div class='gallery-icon landscape'>\n\t\t\t\t<a data-elementor-open-lightbox=\"yes\" data-elementor-lightbox-slideshow=\"c859d9d\" data-elementor-lightbox-title=\"image4\" data-e-action-hash=\"#elementor-action%3Aaction%3Dlightbox%26settings%3DeyJpZCI6MjA3LCJ1cmwiOiJodHRwczpcL1wvZmFjZXNoaWVsZC5wcmltYXguY2xvdWRcL3dwLWNvbnRlbnRcL3VwbG9hZHNcLzIwMjBcLzA0XC9pbWFnZTQuanBnIiwic2xpZGVzaG93IjoiYzg1OWQ5ZCJ9\" href='https:\/\/faceshield.primax.cloud\/wp-content\/uploads\/2020\/04\/image4.jpg'><img decoding=\"async\" width=\"429\" height=\"429\" src=\"https:\/\/faceshield.primax.cloud\/wp-content\/uploads\/2020\/04\/image4.jpg\" class=\"attachment-ocean_insta_square size-ocean_insta_square\" alt=\"\" aria-describedby=\"gallery-1-207\" srcset=\"https:\/\/faceshield.primax.cloud\/wp-content\/uploads\/2020\/04\/image4.jpg 429w, https:\/\/faceshield.primax.cloud\/wp-content\/uploads\/2020\/04\/image4-300x300.jpg 300w, https:\/\/faceshield.primax.cloud\/wp-content\/uploads\/2020\/04\/image4-150x150.jpg 150w\" sizes=\"(max-width: 429px) 100vw, 429px\" \/><\/a>\n\t\t\t<\/div>\n\t\t\t\t<figcaption class='wp-caption-text gallery-caption' id='gallery-1-207'>\n\t\t\t\tMedical Staff\n\t\t\t\t<\/figcaption><\/figure><figure class='gallery-item'>\n\t\t\t<div class='gallery-icon landscape'>\n\t\t\t\t<a data-elementor-open-lightbox=\"yes\" data-elementor-lightbox-slideshow=\"c859d9d\" data-elementor-lightbox-title=\"image9\" data-e-action-hash=\"#elementor-action%3Aaction%3Dlightbox%26settings%3DeyJpZCI6MjM1LCJ1cmwiOiJodHRwczpcL1wvZmFjZXNoaWVsZC5wcmltYXguY2xvdWRcL3dwLWNvbnRlbnRcL3VwbG9hZHNcLzIwMjBcLzA0XC9pbWFnZTkuanBnIiwic2xpZGVzaG93IjoiYzg1OWQ5ZCJ9\" href='https:\/\/faceshield.primax.cloud\/wp-content\/uploads\/2020\/04\/image9.jpg'><img decoding=\"async\" width=\"429\" height=\"429\" src=\"https:\/\/faceshield.primax.cloud\/wp-content\/uploads\/2020\/04\/image9.jpg\" class=\"attachment-ocean_insta_square size-ocean_insta_square\" alt=\"\" aria-describedby=\"gallery-1-235\" srcset=\"https:\/\/faceshield.primax.cloud\/wp-content\/uploads\/2020\/04\/image9.jpg 429w, https:\/\/faceshield.primax.cloud\/wp-content\/uploads\/2020\/04\/image9-300x300.jpg 300w, https:\/\/faceshield.primax.cloud\/wp-content\/uploads\/2020\/04\/image9-150x150.jpg 150w\" sizes=\"(max-width: 429px) 100vw, 429px\" \/><\/a>\n\t\t\t<\/div>\n\t\t\t\t<figcaption class='wp-caption-text gallery-caption' id='gallery-1-235'>\n\t\t\t\tHandover of equipment at Vista An Phu\n\t\t\t\t<\/figcaption><\/figure><figure class='gallery-item'>\n\t\t\t<div class='gallery-icon landscape'>\n\t\t\t\t<a data-elementor-open-lightbox=\"yes\" data-elementor-lightbox-slideshow=\"c859d9d\" data-elementor-lightbox-title=\"image5\" data-e-action-hash=\"#elementor-action%3Aaction%3Dlightbox%26settings%3DeyJpZCI6MjA4LCJ1cmwiOiJodHRwczpcL1wvZmFjZXNoaWVsZC5wcmltYXguY2xvdWRcL3dwLWNvbnRlbnRcL3VwbG9hZHNcLzIwMjBcLzA0XC9pbWFnZTUuanBnIiwic2xpZGVzaG93IjoiYzg1OWQ5ZCJ9\" href='https:\/\/faceshield.primax.cloud\/wp-content\/uploads\/2020\/04\/image5.jpg'><img loading=\"lazy\" decoding=\"async\" width=\"429\" height=\"429\" src=\"https:\/\/faceshield.primax.cloud\/wp-content\/uploads\/2020\/04\/image5.jpg\" class=\"attachment-ocean_insta_square size-ocean_insta_square\" alt=\"\" aria-describedby=\"gallery-1-208\" srcset=\"https:\/\/faceshield.primax.cloud\/wp-content\/uploads\/2020\/04\/image5.jpg 429w, https:\/\/faceshield.primax.cloud\/wp-content\/uploads\/2020\/04\/image5-300x300.jpg 300w, https:\/\/faceshield.primax.cloud\/wp-content\/uploads\/2020\/04\/image5-150x150.jpg 150w\" sizes=\"(max-width: 429px) 100vw, 429px\" \/><\/a>\n\t\t\t<\/div>\n\t\t\t\t<figcaption class='wp-caption-text gallery-caption' id='gallery-1-208'>\n\t\t\t\tTest Expert\n\t\t\t\t<\/figcaption><\/figure><figure class='gallery-item'>\n\t\t\t<div class='gallery-icon landscape'>\n\t\t\t\t<a data-elementor-open-lightbox=\"yes\" data-elementor-lightbox-slideshow=\"c859d9d\" data-elementor-lightbox-title=\"image6\" data-e-action-hash=\"#elementor-action%3Aaction%3Dlightbox%26settings%3DeyJpZCI6MjA5LCJ1cmwiOiJodHRwczpcL1wvZmFjZXNoaWVsZC5wcmltYXguY2xvdWRcL3dwLWNvbnRlbnRcL3VwbG9hZHNcLzIwMjBcLzA0XC9pbWFnZTYuanBnIiwic2xpZGVzaG93IjoiYzg1OWQ5ZCJ9\" href='https:\/\/faceshield.primax.cloud\/wp-content\/uploads\/2020\/04\/image6.jpg'><img loading=\"lazy\" decoding=\"async\" width=\"429\" height=\"429\" src=\"https:\/\/faceshield.primax.cloud\/wp-content\/uploads\/2020\/04\/image6.jpg\" class=\"attachment-ocean_insta_square size-ocean_insta_square\" alt=\"\" aria-describedby=\"gallery-1-209\" srcset=\"https:\/\/faceshield.primax.cloud\/wp-content\/uploads\/2020\/04\/image6.jpg 429w, https:\/\/faceshield.primax.cloud\/wp-content\/uploads\/2020\/04\/image6-300x300.jpg 300w, https:\/\/faceshield.primax.cloud\/wp-content\/uploads\/2020\/04\/image6-150x150.jpg 150w\" sizes=\"(max-width: 429px) 100vw, 429px\" \/><\/a>\n\t\t\t<\/div>\n\t\t\t\t<figcaption class='wp-caption-text gallery-caption' id='gallery-1-209'>\n\t\t\t\tNurse at the hospital\n\t\t\t\t<\/figcaption><\/figure><figure class='gallery-item'>\n\t\t\t<div class='gallery-icon landscape'>\n\t\t\t\t<a data-elementor-open-lightbox=\"yes\" data-elementor-lightbox-slideshow=\"c859d9d\" data-elementor-lightbox-title=\"image7\" data-e-action-hash=\"#elementor-action%3Aaction%3Dlightbox%26settings%3DeyJpZCI6MjMzLCJ1cmwiOiJodHRwczpcL1wvZmFjZXNoaWVsZC5wcmltYXguY2xvdWRcL3dwLWNvbnRlbnRcL3VwbG9hZHNcLzIwMjBcLzA0XC9pbWFnZTcuanBnIiwic2xpZGVzaG93IjoiYzg1OWQ5ZCJ9\" href='https:\/\/faceshield.primax.cloud\/wp-content\/uploads\/2020\/04\/image7.jpg'><img loading=\"lazy\" decoding=\"async\" width=\"429\" height=\"429\" src=\"https:\/\/faceshield.primax.cloud\/wp-content\/uploads\/2020\/04\/image7.jpg\" class=\"attachment-ocean_insta_square size-ocean_insta_square\" alt=\"\" aria-describedby=\"gallery-1-233\" srcset=\"https:\/\/faceshield.primax.cloud\/wp-content\/uploads\/2020\/04\/image7.jpg 429w, https:\/\/faceshield.primax.cloud\/wp-content\/uploads\/2020\/04\/image7-300x300.jpg 300w, https:\/\/faceshield.primax.cloud\/wp-content\/uploads\/2020\/04\/image7-150x150.jpg 150w\" sizes=\"(max-width: 429px) 100vw, 429px\" \/><\/a>\n\t\t\t<\/div>\n\t\t\t\t<figcaption class='wp-caption-text gallery-caption' id='gallery-1-233'>\n\t\t\t\tSecurity Staff at Vinhomes Ba Son Apartment\n\t\t\t\t<\/figcaption><\/figure><figure class='gallery-item'>\n\t\t\t<div class='gallery-icon portrait'>\n\t\t\t\t<a data-elementor-open-lightbox=\"yes\" data-elementor-lightbox-slideshow=\"c859d9d\" data-elementor-lightbox-title=\"image2\" data-e-action-hash=\"#elementor-action%3Aaction%3Dlightbox%26settings%3DeyJpZCI6MjA1LCJ1cmwiOiJodHRwczpcL1wvZmFjZXNoaWVsZC5wcmltYXguY2xvdWRcL3dwLWNvbnRlbnRcL3VwbG9hZHNcLzIwMjBcLzA0XC9pbWFnZTIuanBnIiwic2xpZGVzaG93IjoiYzg1OWQ5ZCJ9\" href='https:\/\/faceshield.primax.cloud\/wp-content\/uploads\/2020\/04\/image2.jpg'><img loading=\"lazy\" decoding=\"async\" width=\"429\" height=\"572\" src=\"https:\/\/faceshield.primax.cloud\/wp-content\/uploads\/2020\/04\/image2.jpg\" class=\"attachment-ocean_insta_square size-ocean_insta_square\" alt=\"\" aria-describedby=\"gallery-1-205\" srcset=\"https:\/\/faceshield.primax.cloud\/wp-content\/uploads\/2020\/04\/image2.jpg 429w, https:\/\/faceshield.primax.cloud\/wp-content\/uploads\/2020\/04\/image2-225x300.jpg 225w\" sizes=\"(max-width: 429px) 100vw, 429px\" \/><\/a>\n\t\t\t<\/div>\n\t\t\t\t<figcaption class='wp-caption-text gallery-caption' id='gallery-1-205'>\n\t\t\t\tVinhomes citizen\n\t\t\t\t<\/figcaption><\/figure><figure class='gallery-item'>\n\t\t\t<div class='gallery-icon portrait'>\n\t\t\t\t<a data-elementor-open-lightbox=\"yes\" data-elementor-lightbox-slideshow=\"c859d9d\" data-elementor-lightbox-title=\"image3\" data-e-action-hash=\"#elementor-action%3Aaction%3Dlightbox%26settings%3DeyJpZCI6MjA2LCJ1cmwiOiJodHRwczpcL1wvZmFjZXNoaWVsZC5wcmltYXguY2xvdWRcL3dwLWNvbnRlbnRcL3VwbG9hZHNcLzIwMjBcLzA0XC9pbWFnZTMuanBnIiwic2xpZGVzaG93IjoiYzg1OWQ5ZCJ9\" href='https:\/\/faceshield.primax.cloud\/wp-content\/uploads\/2020\/04\/image3.jpg'><img loading=\"lazy\" decoding=\"async\" width=\"429\" height=\"572\" src=\"https:\/\/faceshield.primax.cloud\/wp-content\/uploads\/2020\/04\/image3.jpg\" class=\"attachment-ocean_insta_square size-ocean_insta_square\" alt=\"\" aria-describedby=\"gallery-1-206\" srcset=\"https:\/\/faceshield.primax.cloud\/wp-content\/uploads\/2020\/04\/image3.jpg 429w, https:\/\/faceshield.primax.cloud\/wp-content\/uploads\/2020\/04\/image3-225x300.jpg 225w\" sizes=\"(max-width: 429px) 100vw, 429px\" \/><\/a>\n\t\t\t<\/div>\n\t\t\t\t<figcaption class='wp-caption-text gallery-caption' id='gallery-1-206'>\n\t\t\t\tPizaa Hut delievery staff\n\t\t\t\t<\/figcaption><\/figure><figure class='gallery-item'>\n\t\t\t<div class='gallery-icon portrait'>\n\t\t\t\t<a data-elementor-open-lightbox=\"yes\" data-elementor-lightbox-slideshow=\"c859d9d\" data-elementor-lightbox-title=\"image1\" data-e-action-hash=\"#elementor-action%3Aaction%3Dlightbox%26settings%3DeyJpZCI6MjA0LCJ1cmwiOiJodHRwczpcL1wvZmFjZXNoaWVsZC5wcmltYXguY2xvdWRcL3dwLWNvbnRlbnRcL3VwbG9hZHNcLzIwMjBcLzA0XC9pbWFnZTEuanBnIiwic2xpZGVzaG93IjoiYzg1OWQ5ZCJ9\" href='https:\/\/faceshield.primax.cloud\/wp-content\/uploads\/2020\/04\/image1.jpg'><img loading=\"lazy\" decoding=\"async\" width=\"429\" height=\"572\" src=\"https:\/\/faceshield.primax.cloud\/wp-content\/uploads\/2020\/04\/image1.jpg\" class=\"attachment-ocean_insta_square size-ocean_insta_square\" alt=\"\" aria-describedby=\"gallery-1-204\" srcset=\"https:\/\/faceshield.primax.cloud\/wp-content\/uploads\/2020\/04\/image1.jpg 429w, https:\/\/faceshield.primax.cloud\/wp-content\/uploads\/2020\/04\/image1-225x300.jpg 225w\" sizes=\"(max-width: 429px) 100vw, 429px\" \/><\/a>\n\t\t\t<\/div>\n\t\t\t\t<figcaption class='wp-caption-text gallery-caption' id='gallery-1-204'>\n\t\t\t\tSecurity staff at The Vista An Phu aparment\n\t\t\t\t<\/figcaption><\/figure>\n\t\t<\/div>\n\t\t<\/div>\n\t\t\t\t<\/div>\n\t\t\t\t<\/div>\n\t\t\t\t\t<\/div>\n\t\t<\/div>\n\t\t\t\t\t\t\t<\/div>\n\t\t<\/section>\n\t\t\t\t<section class=\"elementor-section elementor-top-section elementor-element elementor-element-0155544 elementor-section-boxed elementor-section-height-default elementor-section-height-default\" data-id=\"0155544\" data-element_type=\"section\">\n\t\t\t\t\t\t<div class=\"elementor-container elementor-column-gap-default\">\n\t\t\t\t\t<div class=\"elementor-column elementor-col-100 elementor-top-column elementor-element elementor-element-ad7cbf4\" data-id=\"ad7cbf4\" data-element_type=\"column\">\n\t\t\t<div class=\"elementor-widget-wrap elementor-element-populated\">\n\t\t\t\t\t\t\t\t<div class=\"elementor-element elementor-element-a628e41 elementor-widget elementor-widget-video\" data-id=\"a628e41\" data-element_type=\"widget\" data-settings=\"{&quot;youtube_url&quot;:&quot;https:\\\/\\\/youtu.be\\\/j1LHsNAEW_A&quot;,&quot;loop&quot;:&quot;yes&quot;,&quot;video_type&quot;:&quot;youtube&quot;,&quot;controls&quot;:&quot;yes&quot;}\" data-widget_type=\"video.default\">\n\t\t\t\t<div class=\"elementor-widget-container\">\n\t\t\t\t\t<div class=\"elementor-wrapper elementor-open-inline\">\n\t\t\t<div class=\"elementor-video\"><\/div>\t\t<\/div>\n\t\t\t\t<\/div>\n\t\t\t\t<\/div>\n\t\t\t\t\t<\/div>\n\t\t<\/div>\n\t\t\t\t\t\t\t<\/div>\n\t\t<\/section>\n\t\t\t\t\t\t\t<\/div>","protected":false},"excerpt":{"rendered":"<p>M\u1eb7t n\u1ea1 che m\u1eb7t(FaceShield for Anti Covid19) C\u00f9ng v\u1edbi vi\u1ec7c \u0111eo kh\u1ea9u trang, s\u1eed d\u1ee5ng dung d\u1ecbch s\u00e1t khu\u1ea9n, vi\u1ec7c s\u1eed d\u1ee5ng m\u1eb7t n\u1ea1 che m\u1eb7t (FaceShield) \u0111\u01b0\u1ee3c xem l\u00e0 bi\u1ec7n ph\u00e1p \u0111\u01a1n gi\u1ea3n, ti\u1ebft ki\u1ec7m nh\u01b0ng c\u00f3 th\u1ec3 ng\u0103n gi\u1ecdt b\u1eafn t\u1eeb ng\u01b0\u1eddi n\u00e0y sang ng\u01b0\u1eddi kh\u00e1c. Qua \u0111\u00f3, h\u1ea1n ch\u1ebf \u0111\u01b0\u1ee3c c\u00e1c nguy [&hellip;]<\/p>","protected":false},"author":1,"featured_media":0,"parent":0,"menu_order":0,"comment_status":"closed","ping_status":"closed","template":"","meta":{"footnotes":""},"_links":{"self":[{"href":"https:\/\/faceshield.primax.cloud\/en\/wp-json\/wp\/v2\/pages\/8"}],"collection":[{"href":"https:\/\/faceshield.primax.cloud\/en\/wp-json\/wp\/v2\/pages"}],"about":[{"href":"https:\/\/faceshield.primax.cloud\/en\/wp-json\/wp\/v2\/types\/page"}],"author":[{"embeddable":true,"href":"https:\/\/faceshield.primax.cloud\/en\/wp-json\/wp\/v2\/users\/1"}],"replies":[{"embeddable":true,"href":"https:\/\/faceshield.primax.cloud\/en\/wp-json\/wp\/v2\/comments?post=8"}],"version-history":[{"count":26,"href":"https:\/\/faceshield.primax.cloud\/en\/wp-json\/wp\/v2\/pages\/8\/revisions"}],"predecessor-version":[{"id":272,"href":"https:\/\/faceshield.primax.cloud\/en\/wp-json\/wp\/v2\/pages\/8\/revisions\/272"}],"wp:attachment":[{"href":"https:\/\/faceshield.primax.cloud\/en\/wp-json\/wp\/v2\/media?parent=8"}],"curies":[{"name":"wp","href":"https:\/\/api.w.org\/{rel}","templated":true}]}}